{"id":2525,"date":"2026-03-25T12:57:40","date_gmt":"2026-03-25T12:57:40","guid":{"rendered":"https:\/\/htotomat.com.tr\/?page_id=2525"},"modified":"2026-03-25T12:57:47","modified_gmt":"2026-03-25T12:57:47","slug":"kalite-yonetim-politikasi","status":"publish","type":"page","link":"https:\/\/htotomat.com.tr\/en\/kalite-yonetim-politikasi\/","title":{"rendered":"Kalite y\u00f6netim Politikas\u0131"},"content":{"rendered":"<p>Kurulu\u015fumuz en \u00fcst kalite seviyesinde faaliyetlerini y\u00fcr\u00fct\u00fcrken, i\u015f emniyeti ba\u011flam\u0131nda \u00e7al\u0131\u015fmalar\u0131n sa\u011fl\u0131k ve g\u00fcvenlik y\u00f6n\u00fcnden korunmas\u0131n\u0131, s\u00fcrd\u00fcrebilir kal\u0131nma ilkesi do\u011frultusunda \u00e7evrenin g\u00f6zetilmesini ama\u00e7 edinmi\u015ftir.<\/p>\n\n\n\n<p>Bu kapsamda Kalite Y\u00f6netim Sistemleri ile ilgili a\u015fa\u011f\u0131daki ilkeleri belirlemi\u015ftir.<\/p>\n\n\n\n<ul class=\"wp-block-list\">\n<li><strong>KAL\u0130TE<\/strong><\/li>\n<\/ul>\n\n\n\n<p>M\u00fc\u015fterilerin ihtiya\u00e7 ve beklentilerini \u00f6n planda tutarak, \u00fcr\u00fcnlerimizin zaman\u0131nda teslimatlar\u0131n\u0131 ger\u00e7ekle\u015ftirip, m\u00fc\u015fteri memnuniyetini \u00fcst d\u00fczeyde tutmakt\u0131r.<\/p>\n\n\n\n<ul class=\"wp-block-list\">\n<li><strong>YASAL MEVZUATA UYUM<\/strong><\/li>\n<\/ul>\n\n\n\n<p>&#8220;G\u00f6n\u00fcll\u00fcl\u00fck&#8221; esas\u0131ndan hareketle,  t\u00fcm kanuni y\u00fck\u00fcml\u00fcl\u00fck ve standartlar\u0131n \u00f6tesinde bir m\u00fckemmellikte \u00e7al\u0131\u015fmak.<\/p>\n\n\n\n<ul class=\"wp-block-list\">\n<li><strong>TEKNOLOJ\u0130 &#8211; ENERJ\u0130 VE KAYNAK KULLANIMI<\/strong><\/li>\n<\/ul>\n\n\n\n<p>Kaynaklar\u0131n etkin be verimli kullan\u0131lmas\u0131 i\u00e7in \u00e7evre ve insan sa\u011fl\u0131\u011f\u0131 ile uyumlu, g\u00fcncel teknolojiden maksimum d\u00fczeyde faydalanmak.<\/p>\n\n\n\n<ul class=\"wp-block-list\">\n<li><strong>EMN\u0130YET VE TASARRUF<\/strong><\/li>\n<\/ul>\n\n\n\n<p>\u0130\u015f kazalar\u0131 ve meslek hastal\u0131klar\u0131 ya\u015fanmamas\u0131 i\u00e7in tedbirler almak,  i\u015f kay\u0131plar\u0131n\u0131 \u00f6nlemek ve \u00e7al\u0131\u015fanlar\u0131 bili\u00e7lendirerek, do\u011faya hassas , maksimum verimlilik ile \u00fcretimi sa\u011flamak, do\u011fal kaynak, \u00fcretim kaynaklar\u0131 ve t\u00fcm giderleri en verimli \u015fekilde tutarak, y\u00fcksek performans elde edebilmek.<\/p>\n\n\n\n<ul class=\"wp-block-list\">\n<li><strong>E\u011e\u0130T\u0130M VE B\u0130L\u0130\u00c7LEND\u0130RME<\/strong><\/li>\n<\/ul>\n\n\n\n<p>Planl\u0131  ve ihtiyaca ba\u011fl\u0131 plans\u0131z e\u011fitimlerle \u00e7evreye duyarl\u0131, i\u015fine sayg\u0131l\u0131, yenilik\u00e7i insan kayna\u011f\u0131 olu\u015fturmak suretiyle sistemlerimizin etkinlik ve verimlili\u011fini artt\u0131rmak.<\/p>\n\n\n\n<ul class=\"wp-block-list\">\n<li><strong>S\u00dcREKL\u0130 GEL\u0130\u015e\u0130M VE \u0130YLE\u015eT\u0130RME<\/strong><\/li>\n<\/ul>\n\n\n\n<p>\u00dcst y\u00f6netimin katk\u0131lar\u0131 ve t\u00fcm \u00e7al\u0131\u015fanlar\u0131n kat\u0131l\u0131m\u0131yla y\u00f6netim sistemlerimizin \u015fartlar\u0131na uymak ve sistemin performans\u0131n\u0131 \/ etkinli\u011fini  s\u00fcrekli iyle\u015ftirmek.<\/p>\n\n\n\n<p>\u00c7al\u0131\u015fanlar\u0131m\u0131z\u0131n fark\u0131ndal\u0131klar\u0131n\u0131 artt\u0131rarak standartlar\u0131n gereklerini yine \u00e7al\u0131\u015fanlar\u0131m\u0131z\u0131n kat\u0131l\u0131m\u0131 ile uygulamay\u0131 ve s\u00fcrekli geli\u015ftirmeyi taahh\u00fct ediyoruz.<\/p>\n\n\n\n<p><\/p>","protected":false},"excerpt":{"rendered":"<p>Kurulu\u015fumuz en \u00fcst kalite seviyesinde faaliyetlerini y\u00fcr\u00fct\u00fcrken, i\u015f emniyeti ba\u011flam\u0131nda \u00e7al\u0131\u015fmalar\u0131n sa\u011fl\u0131k ve g\u00fcvenlik y\u00f6n\u00fcnden korunmas\u0131n\u0131, s\u00fcrd\u00fcrebilir kal\u0131nma ilkesi do\u011frultusunda \u00e7evrenin g\u00f6zetilmesini ama\u00e7 edinmi\u015ftir. Bu kapsamda Kalite Y\u00f6netim Sistemleri ile ilgili a\u015fa\u011f\u0131daki ilkeleri belirlemi\u015ftir. M\u00fc\u015fterilerin ihtiya\u00e7 ve beklentilerini \u00f6n planda &hellip;<\/p>","protected":false},"author":1,"featured_media":0,"parent":0,"menu_order":0,"comment_status":"closed","ping_status":"closed","template":"","meta":{"footnotes":""},"class_list":["post-2525","page","type-page","status-publish","hentry"],"_links":{"self":[{"href":"https:\/\/htotomat.com.tr\/en\/wp-json\/wp\/v2\/pages\/2525","targetHints":{"allow":["GET"]}}],"collection":[{"href":"https:\/\/htotomat.com.tr\/en\/wp-json\/wp\/v2\/pages"}],"about":[{"href":"https:\/\/htotomat.com.tr\/en\/wp-json\/wp\/v2\/types\/page"}],"author":[{"embeddable":true,"href":"https:\/\/htotomat.com.tr\/en\/wp-json\/wp\/v2\/users\/1"}],"replies":[{"embeddable":true,"href":"https:\/\/htotomat.com.tr\/en\/wp-json\/wp\/v2\/comments?post=2525"}],"version-history":[{"count":2,"href":"https:\/\/htotomat.com.tr\/en\/wp-json\/wp\/v2\/pages\/2525\/revisions"}],"predecessor-version":[{"id":2527,"href":"https:\/\/htotomat.com.tr\/en\/wp-json\/wp\/v2\/pages\/2525\/revisions\/2527"}],"wp:attachment":[{"href":"https:\/\/htotomat.com.tr\/en\/wp-json\/wp\/v2\/media?parent=2525"}],"curies":[{"name":"wp","href":"https:\/\/api.w.org\/{rel}","templated":true}]}}