{"id":2353,"date":"2024-04-21T21:44:55","date_gmt":"2024-04-21T21:44:55","guid":{"rendered":"https:\/\/htotomat.com.tr\/?page_id=2353"},"modified":"2024-04-22T20:23:49","modified_gmt":"2024-04-22T20:23:49","slug":"trens-sn-50c-universal-torna","status":"publish","type":"page","link":"https:\/\/htotomat.com.tr\/en\/trens-sn-50c-universal-torna\/","title":{"rendered":"Trens SN 50C Universal Lathe"},"content":{"rendered":"<div class=\"wpb-content-wrapper\"><div class=\"vc_row wpb_row vc_row-fluid\"><div class=\"wpb_column vc_column_container vc_col-md-12\"><div class=\"vc_column-inner\"><div class=\"wpb_wrapper\">\n\t<div class=\"wpb_text_column wpb_content_element wpb_animate_when_almost_visible wpb_bounceIn bounceIn\" >\n\t\t<div class=\"wpb_wrapper\">\n\t\t\t<p><strong>Trens SN 50C Universal Lathe<\/strong><\/p>\n\n\t\t<\/div>\n\t<\/div>\n<\/div><\/div><\/div><\/div><div class=\"vc_row wpb_row vc_row-fluid vc_custom_1453450201221\"><div class=\"wpb_column vc_column_container vc_col-md-12\"><div class=\"vc_column-inner\"><div class=\"wpb_wrapper\"><div class=\"gallery-fs\"><figure><img decoding=\"async\" src=\"https:\/\/htotomat.com.tr\/wp-content\/uploads\/2024\/04\/Sn-50C.jpg\" alt=\"\"><figcaption>Sn-50C<\/figcaption><\/figure><\/div><\/div><\/div><\/div><\/div><div class=\"vc_row wpb_row vc_row-fluid\"><div class=\"wpb_column vc_column_container vc_col-md-12\"><div class=\"vc_column-inner\"><div class=\"wpb_wrapper\">\n\t<div class=\"wpb_text_column wpb_content_element\" >\n\t\t<div class=\"wpb_wrapper\">\n\t\t\t<h2><strong>Technical Specifications<\/strong><\/h2>\n<table class=\"table-striped ogzurun\" style=\"height: 931px;\" width=\"783\">\n<tbody>\n<tr>\n<td><b>Swing Over Bed<\/b><\/td>\n<td>\u00a0:<\/td>\n<td>500 mm<\/td>\n<\/tr>\n<tr>\n<td><b>Distance Between Centers<\/b><\/td>\n<td>\u00a0:<\/td>\n<td>1000, 1500, 2000 mm<\/td>\n<\/tr>\n<tr>\n<td><b>Swing Over Support<\/b><\/td>\n<td>\u00a0:<\/td>\n<td>270 mm<\/td>\n<\/tr>\n<tr>\n<td><b>Swing Over Cross Slide<\/b><\/td>\n<td>\u00a0:<\/td>\n<td>700 mm<\/td>\n<\/tr>\n<tr>\n<td><b>Width of the Bridge in Front of the Flat Mirror<\/b><\/td>\n<td>\u00a0:<\/td>\n<td>230 mm<\/td>\n<\/tr>\n<tr>\n<td><b>Width of the Bed<\/b><\/td>\n<td>\u00a0:<\/td>\n<td>340 mm<\/td>\n<\/tr>\n<tr>\n<td><b>Maximum Workpiece Weight Between Centers<\/b><\/td>\n<td>\u00a0:<\/td>\n<td>300 kg<\/td>\n<\/tr>\n<tr>\n<td><b>Maximum Tool Shaft Section<\/b><\/td>\n<td>\u00a0:<\/td>\n<td>32 x 20 mm<\/td>\n<\/tr>\n<tr>\n<td><b>Spindle Speed<\/b><\/td>\n<td>\u00a0:<\/td>\n<td>12 Kademe 2 Seri<\/td>\n<\/tr>\n<tr>\n<td><b>Spindle RPM<\/b><\/td>\n<td>\u00a0:<\/td>\n<td>22-2000 dev\/dak.<\/td>\n<\/tr>\n<tr>\n<td><b>Spindle Bore Diameter<\/b><\/td>\n<td>\u00a0:<\/td>\n<td>\u00d8 50 mm<\/td>\n<\/tr>\n<tr>\n<td><b>Spindle Taper<\/b><\/td>\n<td>\u00a0:<\/td>\n<td>6 Mors<\/td>\n<\/tr>\n<tr>\n<td><b>Spindle Short Taper DIN 55022<\/b><\/td>\n<td>\u00a0:<\/td>\n<td>6 No.<\/td>\n<\/tr>\n<tr>\n<td><b>Spindle Maximum Torque (at 45 RPM)<\/b><\/td>\n<td>\u00a0:<\/td>\n<td>1000 Nm<\/td>\n<\/tr>\n<tr>\n<td><b>Tailstock Quill Diameter<\/b><\/td>\n<td>\u00a0:<\/td>\n<td>70 mm<\/td>\n<\/tr>\n<tr>\n<td><b>Tailstock Taper<\/b><\/td>\n<td>\u00a0:<\/td>\n<td>5 Mors<\/td>\n<\/tr>\n<tr>\n<td><b>Tailstock Quill Travel<\/b><\/td>\n<td>\u00a0:<\/td>\n<td>180 mm<\/td>\n<\/tr>\n<tr>\n<td><b>Tailstock Axial Adjustment<\/b><\/td>\n<td>\u00a0:<\/td>\n<td>\u00b110 mm<\/td>\n<\/tr>\n<tr>\n<td><b>Cross Slide Travel<\/b><\/td>\n<td>\u00a0:<\/td>\n<td>300 mm<\/td>\n<\/tr>\n<tr>\n<td><b>Compound Slide Travel<\/b><\/td>\n<td>\u00a0:<\/td>\n<td>140 mm<\/td>\n<\/tr>\n<tr>\n<td><b>Cross Slide Feed Rates, Number of Steps<\/b><\/td>\n<td>\u00a0:<\/td>\n<td>38 Adet<\/td>\n<\/tr>\n<tr>\n<td><b>Longitudinal Feed Rate 1:1 \/ 8:1<\/b><\/td>\n<td>\u00a0:<\/td>\n<td>0,05-0,8 \/ 0,64-6,4 mm\/dev.<\/td>\n<\/tr>\n<tr>\n<td><b>Cross Feed Rate 1:1 \/ 8:1<\/b><\/td>\n<td>\u00a0:<\/td>\n<td>0,025-0,4 \/ 0,32-3,2 mm\/dev.<\/td>\n<\/tr>\n<tr>\n<td><b>Suport Hareketi X\/Z<\/b><\/td>\n<td>\u00a0:<\/td>\n<td>0,7\/5 m\/dak.<\/td>\n<\/tr>\n<tr>\n<td><b>29 Types of Metric Threads<\/b><\/td>\n<td>\u00a0:<\/td>\n<td>0,5-40 mm<\/td>\n<\/tr>\n<tr>\n<td><b>35 Types of Whitworth Threads<\/b><\/td>\n<td>\u00a0:<\/td>\n<td>80-1 Z\/1\u2033<\/td>\n<\/tr>\n<tr>\n<td><b>31 Types of Diametral Pitch Threads<\/b><\/td>\n<td>\u00a0:<\/td>\n<td>72-2 DP<\/td>\n<\/tr>\n<tr>\n<td><b>26 Types of Module Threads<\/b><\/td>\n<td>\u00a0:<\/td>\n<td>0,25-20 mod\u00fcl<\/td>\n<\/tr>\n<tr>\n<td><b>Main Diameter x Pitch<\/b><\/td>\n<td>\u00a0:<\/td>\n<td>40\u00d76 mm<\/td>\n<\/tr>\n<tr>\n<td><b>Motor Power (3x380V, 50Hz, 1500 RPM)<\/b><\/td>\n<td>\u00a0:<\/td>\n<td>5,5\/7,5 kw\/HP<\/td>\n<\/tr>\n<tr>\n<td><b>Machine Weight<\/b><\/td>\n<td>\u00a0:<\/td>\n<td>2050 kg<\/td>\n<\/tr>\n<\/tbody>\n<\/table>\n\n\t\t<\/div>\n\t<\/div>\n<\/div><\/div><\/div><\/div>\n<\/div>","protected":false},"excerpt":{"rendered":"TRENS SN 50C \u00dcniversal Torna Sn-50C Teknik \u00d6zellikleri Banko \u00dczeri \u00c7evirme \u00c7ap\u0131 \u00a0: 500 mm Puntalar Aras\u0131 Mesafe \u00a0: 1000, 1500, 2000 mm Support \u00dczerinde \u00c7evirme \u00c7ap\u0131 \u00a0: 270 mm Ara Par\u00e7a \u00c7\u0131k\u0131n\u00e7a \u00c7evirme \u00c7ap\u0131 \u00a0: 700 mm D\u00fcz Ayna &hellip;","protected":false},"author":1,"featured_media":0,"parent":0,"menu_order":0,"comment_status":"closed","ping_status":"closed","template":"","meta":{"footnotes":""},"class_list":["post-2353","page","type-page","status-publish","hentry"],"_links":{"self":[{"href":"https:\/\/htotomat.com.tr\/en\/wp-json\/wp\/v2\/pages\/2353","targetHints":{"allow":["GET"]}}],"collection":[{"href":"https:\/\/htotomat.com.tr\/en\/wp-json\/wp\/v2\/pages"}],"about":[{"href":"https:\/\/htotomat.com.tr\/en\/wp-json\/wp\/v2\/types\/page"}],"author":[{"embeddable":true,"href":"https:\/\/htotomat.com.tr\/en\/wp-json\/wp\/v2\/users\/1"}],"replies":[{"embeddable":true,"href":"https:\/\/htotomat.com.tr\/en\/wp-json\/wp\/v2\/comments?post=2353"}],"version-history":[{"count":3,"href":"https:\/\/htotomat.com.tr\/en\/wp-json\/wp\/v2\/pages\/2353\/revisions"}],"predecessor-version":[{"id":2469,"href":"https:\/\/htotomat.com.tr\/en\/wp-json\/wp\/v2\/pages\/2353\/revisions\/2469"}],"wp:attachment":[{"href":"https:\/\/htotomat.com.tr\/en\/wp-json\/wp\/v2\/media?parent=2353"}],"curies":[{"name":"wp","href":"https:\/\/api.w.org\/{rel}","templated":true}]}}