{"id":2339,"date":"2024-04-21T21:30:02","date_gmt":"2024-04-21T21:30:02","guid":{"rendered":"https:\/\/htotomat.com.tr\/?page_id=2339"},"modified":"2024-04-22T20:22:03","modified_gmt":"2024-04-22T20:22:03","slug":"smarc-x6330","status":"publish","type":"page","link":"https:\/\/htotomat.com.tr\/en\/smarc-x6330\/","title":{"rendered":"SMARC-X6330"},"content":{"rendered":"<div class=\"wpb-content-wrapper\"><div class=\"vc_row wpb_row vc_row-fluid\"><div class=\"wpb_column vc_column_container vc_col-md-12\"><div class=\"vc_column-inner\"><div class=\"wpb_wrapper\">\n\t<div class=\"wpb_text_column wpb_content_element wpb_animate_when_almost_visible wpb_bounceIn bounceIn\" >\n\t\t<div class=\"wpb_wrapper\">\n\t\t\t<p>SMARC X6330E Milling Machine<\/p>\n\n\t\t<\/div>\n\t<\/div>\n<\/div><\/div><\/div><\/div><div class=\"vc_row wpb_row vc_row-fluid vc_custom_1453450201221\"><div class=\"wpb_column vc_column_container vc_col-md-12\"><div class=\"vc_column-inner\"><div class=\"wpb_wrapper\"><div class=\"gallery-fs\"><figure><img decoding=\"async\" src=\"https:\/\/htotomat.com.tr\/wp-content\/uploads\/2024\/04\/smarc-x6330.jpg\" alt=\"\"><figcaption>smarc-x6330<\/figcaption><\/figure><\/div><\/div><\/div><\/div><\/div><div class=\"vc_row wpb_row vc_row-fluid\"><div class=\"wpb_column vc_column_container vc_col-md-12\"><div class=\"vc_column-inner\"><div class=\"wpb_wrapper\">\n\t<div class=\"wpb_text_column wpb_content_element\" >\n\t\t<div class=\"wpb_wrapper\">\n\t\t\t<h2><strong>Technical Specifications<\/strong><\/h2>\n<table>\n<tbody>\n<tr>\n<td>Teknik \u00f6zellikler<\/td>\n<td><\/td>\n<td>SMARC\u00a0X6330E (X-Y B\u0130LYA M\u0130LL\u0130)<\/td>\n<\/tr>\n<tr>\n<td>Country of Origin<\/td>\n<td><\/td>\n<td>\u00c7\u0130N<\/td>\n<\/tr>\n<tr>\n<td>Table Size<\/td>\n<td>mm<\/td>\n<td>360\u00d71250<\/td>\n<\/tr>\n<tr>\n<td>Table's X-Axis Travel<\/td>\n<td>mm<\/td>\n<td>1000<\/td>\n<\/tr>\n<tr>\n<td>Table's Y-Axis Travel<\/td>\n<td>mm<\/td>\n<td>300<\/td>\n<\/tr>\n<tr>\n<td>Table's Z-Axis Travel<\/td>\n<td>mm<\/td>\n<td>350<\/td>\n<\/tr>\n<tr>\n<td>Vertical Distance Between Spindle and Table<\/td>\n<td>mm<\/td>\n<td>135-485<\/td>\n<\/tr>\n<tr>\n<td>Vertical Spindle Speed<\/td>\n<td>d\/dk<\/td>\n<td>70-7200<\/td>\n<\/tr>\n<tr>\n<td>Horizontal Spindle Speed<\/td>\n<td>d\/dk<\/td>\n<td>60-1800<\/td>\n<\/tr>\n<tr>\n<td>Vertical Spindle Course<\/td>\n<td><\/td>\n<td>ISO 40<\/td>\n<\/tr>\n<tr>\n<td>Horizontal Spindle Course<\/td>\n<td><\/td>\n<td>ISO 50<\/td>\n<\/tr>\n<tr>\n<td>Mil kovan turu<\/td>\n<td>mm<\/td>\n<td>127<\/td>\n<\/tr>\n<tr>\n<td>Mil kovan \u00e7ap\u0131<\/td>\n<td>mm<\/td>\n<td>105<\/td>\n<\/tr>\n<tr>\n<td>[ URL HIDDEN ] kapasitesi<\/td>\n<td>mm<\/td>\n<td>50<\/td>\n<\/tr>\n<tr>\n<td>Dikey i\u015f mili motor g\u00fcc\u00fc<\/td>\n<td>HP<\/td>\n<td>7,5<\/td>\n<\/tr>\n<tr>\n<td>Yatay i\u015f mili motor g\u00fcc\u00fc<\/td>\n<td>HP<\/td>\n<td>7,5<\/td>\n<\/tr>\n<tr>\n<td>Weight<\/td>\n<td>kg<\/td>\n<td>2600<\/td>\n<\/tr>\n<tr>\n<td>Accessories<\/td>\n<td><\/td>\n<td>3-axis table movement (Z-axis motorized)<br \/>\nX and Y axis movements are automatic transmission<br \/>\nZ-axis box slide structure<br \/>\nAutomatic Lubrication System<br \/>\nPneumatic Tool Holding System<br \/>\nX and Y Axis Ball Screws<br \/>\nWorkpiece Cooling System<br \/>\nDigital Reader System<br \/>\nCE Safety Equipment<\/td>\n<\/tr>\n<\/tbody>\n<\/table>\n\n\t\t<\/div>\n\t<\/div>\n<\/div><\/div><\/div><\/div>\n<\/div>","protected":false},"excerpt":{"rendered":"SMARC X6330E Freze Makinesi smarc-x6330 Teknik \u00d6zellikleri Teknik \u00f6zellikler SMARC\u00a0X6330E (X-Y B\u0130LYA M\u0130LL\u0130) MEN\u015eE\u0130 \u00c7\u0130N Tabla ebad\u0131 mm 360\u00d71250 Tablan\u0131n X eksen hareketi mm 1000 Tablan\u0131n Y eksen hareketi mm 300 Tablan\u0131n Z eksen hareketi mm 350 Dikey mil ile &hellip;","protected":false},"author":1,"featured_media":0,"parent":0,"menu_order":0,"comment_status":"closed","ping_status":"closed","template":"","meta":{"footnotes":""},"class_list":["post-2339","page","type-page","status-publish","hentry"],"_links":{"self":[{"href":"https:\/\/htotomat.com.tr\/en\/wp-json\/wp\/v2\/pages\/2339","targetHints":{"allow":["GET"]}}],"collection":[{"href":"https:\/\/htotomat.com.tr\/en\/wp-json\/wp\/v2\/pages"}],"about":[{"href":"https:\/\/htotomat.com.tr\/en\/wp-json\/wp\/v2\/types\/page"}],"author":[{"embeddable":true,"href":"https:\/\/htotomat.com.tr\/en\/wp-json\/wp\/v2\/users\/1"}],"replies":[{"embeddable":true,"href":"https:\/\/htotomat.com.tr\/en\/wp-json\/wp\/v2\/comments?post=2339"}],"version-history":[{"count":2,"href":"https:\/\/htotomat.com.tr\/en\/wp-json\/wp\/v2\/pages\/2339\/revisions"}],"predecessor-version":[{"id":2467,"href":"https:\/\/htotomat.com.tr\/en\/wp-json\/wp\/v2\/pages\/2339\/revisions\/2467"}],"wp:attachment":[{"href":"https:\/\/htotomat.com.tr\/en\/wp-json\/wp\/v2\/media?parent=2339"}],"curies":[{"name":"wp","href":"https:\/\/api.w.org\/{rel}","templated":true}]}}