{"id":2334,"date":"2024-04-21T21:19:41","date_gmt":"2024-04-21T21:19:41","guid":{"rendered":"https:\/\/htotomat.com.tr\/?page_id=2334"},"modified":"2024-04-22T20:20:53","modified_gmt":"2024-04-22T20:20:53","slug":"sr-20jii","status":"publish","type":"page","link":"https:\/\/htotomat.com.tr\/en\/sr-20jii\/","title":{"rendered":"SR-20JII"},"content":{"rendered":"<div class=\"wpb-content-wrapper\"><div class=\"vc_row wpb_row vc_row-fluid\"><div class=\"wpb_column vc_column_container vc_col-md-12\"><div class=\"vc_column-inner\"><div class=\"wpb_wrapper\">\n\t<div class=\"wpb_text_column wpb_content_element wpb_animate_when_almost_visible wpb_bounceIn bounceIn\" >\n\t\t<div class=\"wpb_wrapper\">\n\t\t\t<p>SR-20JII<\/p>\n\n\t\t<\/div>\n\t<\/div>\n<\/div><\/div><\/div><\/div><div class=\"vc_row wpb_row vc_row-fluid vc_custom_1453450201221\"><div class=\"wpb_column vc_column_container vc_col-md-12\"><div class=\"vc_column-inner\"><div class=\"wpb_wrapper\"><div class=\"gallery-fs\"><figure><img decoding=\"async\" src=\"https:\/\/htotomat.com.tr\/wp-content\/uploads\/2024\/04\/sr-20.jpg\" alt=\"\"><figcaption>sr-20<\/figcaption><\/figure><\/div><\/div><\/div><\/div><\/div><div class=\"vc_row wpb_row vc_row-fluid\"><div class=\"wpb_column vc_column_container vc_col-md-12\"><div class=\"vc_column-inner\"><div class=\"wpb_wrapper\"><\/div><\/div><\/div><\/div><div class=\"vc_row wpb_row vc_row-fluid\"><div class=\"wpb_column vc_column_container vc_col-md-12\"><div class=\"vc_column-inner\"><div class=\"wpb_wrapper\">\n\t<div class=\"wpb_text_column wpb_content_element\" >\n\t\t<div class=\"wpb_wrapper\">\n\t\t\t<h2><strong>Technical Specifications<\/strong><\/h2>\n<table border=\"0\" width=\"100%\" cellspacing=\"10\" cellpadding=\"4\">\n<tbody>\n<tr>\n<td>CNC Control System<\/td>\n<td>FANUC 31i-B<\/td>\n<\/tr>\n<tr>\n<td>Coolant Tank Capacity<\/td>\n<td>170 litre<\/td>\n<\/tr>\n<tr>\n<td>Dimensions (LxWxH)<\/td>\n<td>2250 x 1200 x 1700 mm<\/td>\n<\/tr>\n<tr>\n<td>Power Consumption<\/td>\n<td>5.2kVA<\/td>\n<\/tr>\n<tr>\n<td>Weight<\/td>\n<td>2200kg<\/td>\n<\/tr>\n<tr>\n<td>Rapid Traverse Rate<\/td>\n<td>35 m\/min (All axes except C-axis)<\/td>\n<\/tr>\n<\/tbody>\n<\/table>\n\n\t\t<\/div>\n\t<\/div>\n<\/div><\/div><\/div><\/div>\n<\/div>","protected":false},"excerpt":{"rendered":"SR-20JII sr-20 Teknik \u00d6zellikleri CNC kontrol sistemi FANUC 31i-B Kapasite so\u011futucu tank\u0131 170 litre Boyutlar (GxBxY) 2250 x 1200 x 1700 mm G\u00fc\u00e7 t\u00fcketimi 5.2kVA A\u011f\u0131rl\u0131k 2200kg H\u0131zl\u0131 ilerleme h\u0131z\u0131 35m \/ dak (C ekseni hari\u00e7 t\u00fcm\u00fc)","protected":false},"author":1,"featured_media":0,"parent":0,"menu_order":0,"comment_status":"closed","ping_status":"closed","template":"","meta":{"footnotes":""},"class_list":["post-2334","page","type-page","status-publish","hentry"],"_links":{"self":[{"href":"https:\/\/htotomat.com.tr\/en\/wp-json\/wp\/v2\/pages\/2334","targetHints":{"allow":["GET"]}}],"collection":[{"href":"https:\/\/htotomat.com.tr\/en\/wp-json\/wp\/v2\/pages"}],"about":[{"href":"https:\/\/htotomat.com.tr\/en\/wp-json\/wp\/v2\/types\/page"}],"author":[{"embeddable":true,"href":"https:\/\/htotomat.com.tr\/en\/wp-json\/wp\/v2\/users\/1"}],"replies":[{"embeddable":true,"href":"https:\/\/htotomat.com.tr\/en\/wp-json\/wp\/v2\/comments?post=2334"}],"version-history":[{"count":3,"href":"https:\/\/htotomat.com.tr\/en\/wp-json\/wp\/v2\/pages\/2334\/revisions"}],"predecessor-version":[{"id":2466,"href":"https:\/\/htotomat.com.tr\/en\/wp-json\/wp\/v2\/pages\/2334\/revisions\/2466"}],"wp:attachment":[{"href":"https:\/\/htotomat.com.tr\/en\/wp-json\/wp\/v2\/media?parent=2334"}],"curies":[{"name":"wp","href":"https:\/\/api.w.org\/{rel}","templated":true}]}}