{"id":2324,"date":"2024-04-21T21:05:00","date_gmt":"2024-04-21T21:05:00","guid":{"rendered":"https:\/\/htotomat.com.tr\/?page_id=2324"},"modified":"2024-04-22T20:11:19","modified_gmt":"2024-04-22T20:11:19","slug":"quaser-mv184c","status":"publish","type":"page","link":"https:\/\/htotomat.com.tr\/en\/quaser-mv184c\/","title":{"rendered":"QUASER MV184P"},"content":{"rendered":"<div class=\"wpb-content-wrapper\"><div class=\"vc_row wpb_row vc_row-fluid\"><div class=\"wpb_column vc_column_container vc_col-md-12\"><div class=\"vc_column-inner\"><div class=\"wpb_wrapper\">\n\t<div class=\"wpb_text_column wpb_content_element wpb_animate_when_almost_visible wpb_bounceIn bounceIn\" >\n\t\t<div class=\"wpb_wrapper\">\n\t\t\t<div class=\"tm-element-heading-wrapper tm-heading-inner tm-element-align-left tm-seperator-solid tm-heading-style-vertical\">\n<section class=\"tm-vc_cta3-container\">\n<div class=\"tm-vc_general tm-vc_cta3 tm-cta3-only tm-vc_cta3-style-classic tm-vc_cta3-shape-rounded tm-vc_cta3-align-left tm-vc_cta3-color-transparent tm-vc_cta3-icon-size-md tm-vc_cta3-actions-no tm-cta3-without-desc\">\n<div class=\"tm-vc_cta3_content-container\">\n<div class=\"tm-vc_cta3-content\">\n<header class=\"tm-vc_cta3-content-header tm-wrap\">\n<div class=\"tm-vc_cta3-headers tm-wrap-cell\">\n<h4 class=\"tm-custom-heading\">CNC Dik \u0130\u015fleme Merkezleri<\/h4>\n<h2 class=\"tm-custom-heading\">Quaser MV184C<\/h2>\n<\/div>\n<\/header>\n<\/div>\n<\/div>\n<\/div>\n<\/section>\n<\/div>\n<div class=\"wpb_text_column wpb_content_element\">\n<div class=\"wpb_wrapper\"><\/div>\n<\/div>\n\n\t\t<\/div>\n\t<\/div>\n<\/div><\/div><\/div><\/div><div class=\"vc_row wpb_row vc_row-fluid vc_custom_1453450201221\"><div class=\"wpb_column vc_column_container vc_col-md-12\"><div class=\"vc_column-inner\"><div class=\"wpb_wrapper\"><div class=\"gallery-fs\"><figure><img decoding=\"async\" src=\"https:\/\/htotomat.com.tr\/wp-content\/uploads\/2024\/04\/mv-184.jpg\" alt=\"\"><figcaption>mv-184<\/figcaption><\/figure><\/div><\/div><\/div><\/div><\/div><div class=\"vc_row wpb_row vc_row-fluid\"><div class=\"wpb_column vc_column_container vc_col-md-12\"><div class=\"vc_column-inner\"><div class=\"wpb_wrapper\">\n\t<div class=\"wpb_text_column wpb_content_element\" >\n\t\t<div class=\"wpb_wrapper\">\n\t\t\t<h2 class=\"makina-one-cikan-baslik\">QUASER MV184P CNC Vertical Machining Center<\/h2>\n<p><i class=\"arrow-urun right\"><\/i>X-Axis Travel: 1020 mm<br \/>\n<i class=\"arrow-urun right\"><\/i>Y-Axis Travel: 610 mm<br \/>\n<i class=\"arrow-urun right\"><\/i>Z-Axis Travel: 610 mm<br \/>\n<i class=\"arrow-urun right\"><\/i>Table Size: 1200\u00d7600 mm<br \/>\n<i class=\"arrow-urun right\"><\/i>Spindle Taper: BBT40<\/p>\n\n\t\t<\/div>\n\t<\/div>\n<\/div><\/div><\/div><\/div>\n<\/div>","protected":false},"excerpt":{"rendered":"CNC Dik \u0130\u015fleme Merkezleri Quaser MV184C mv-184 QUASER MV184P CNC D\u0130K \u0130\u015eLEME MERKEZ\u0130 X Ekseni Hareketi: 1020 mm Y Ekseni Hareketi: 610 mm Z Ekseni Hareketi: 610 mm Tabla \u00d6l\u00e7\u00fcs\u00fc: 1200\u00d7600 mm \u0130\u015f Mili Koni\u011fi: BBT40","protected":false},"author":1,"featured_media":0,"parent":0,"menu_order":0,"comment_status":"closed","ping_status":"closed","template":"","meta":{"footnotes":""},"class_list":["post-2324","page","type-page","status-publish","hentry"],"_links":{"self":[{"href":"https:\/\/htotomat.com.tr\/en\/wp-json\/wp\/v2\/pages\/2324","targetHints":{"allow":["GET"]}}],"collection":[{"href":"https:\/\/htotomat.com.tr\/en\/wp-json\/wp\/v2\/pages"}],"about":[{"href":"https:\/\/htotomat.com.tr\/en\/wp-json\/wp\/v2\/types\/page"}],"author":[{"embeddable":true,"href":"https:\/\/htotomat.com.tr\/en\/wp-json\/wp\/v2\/users\/1"}],"replies":[{"embeddable":true,"href":"https:\/\/htotomat.com.tr\/en\/wp-json\/wp\/v2\/comments?post=2324"}],"version-history":[{"count":5,"href":"https:\/\/htotomat.com.tr\/en\/wp-json\/wp\/v2\/pages\/2324\/revisions"}],"predecessor-version":[{"id":2460,"href":"https:\/\/htotomat.com.tr\/en\/wp-json\/wp\/v2\/pages\/2324\/revisions\/2460"}],"wp:attachment":[{"href":"https:\/\/htotomat.com.tr\/en\/wp-json\/wp\/v2\/media?parent=2324"}],"curies":[{"name":"wp","href":"https:\/\/api.w.org\/{rel}","templated":true}]}}