{"id":2322,"date":"2024-04-21T21:00:58","date_gmt":"2024-04-21T21:00:58","guid":{"rendered":"https:\/\/htotomat.com.tr\/?page_id=2322"},"modified":"2024-04-23T19:28:10","modified_gmt":"2024-04-23T19:28:10","slug":"quaser-mf700","status":"publish","type":"page","link":"https:\/\/htotomat.com.tr\/en\/quaser-mf700\/","title":{"rendered":"QUASER MF700"},"content":{"rendered":"<div class=\"wpb-content-wrapper\"><div class=\"vc_row wpb_row vc_row-fluid\"><div class=\"wpb_column vc_column_container vc_col-md-12\"><div class=\"vc_column-inner\"><div class=\"wpb_wrapper\">\n\t<div class=\"wpb_text_column wpb_content_element wpb_animate_when_almost_visible wpb_bounceIn bounceIn\" >\n\t\t<div class=\"wpb_wrapper\">\n\t\t\t<p><strong>QUASER MF-700 5-Axis CNC Vertical Machining Center<\/strong><\/p>\n\n\t\t<\/div>\n\t<\/div>\n<\/div><\/div><\/div><\/div><div class=\"vc_row wpb_row vc_row-fluid vc_custom_1453450201221\"><div class=\"wpb_column vc_column_container vc_col-md-12\"><div class=\"vc_column-inner\"><div class=\"wpb_wrapper\"><div class=\"gallery-fs\"><figure><img decoding=\"async\" src=\"https:\/\/htotomat.com.tr\/wp-content\/uploads\/2024\/04\/QUASER-MF-700-5-EKSEN-CNC-DIK-ISLEME-MERKEZI-1.png\" alt=\"\"><figcaption>QUASER MF-700 5-Axis CNC Vertical Machining Center<\/figcaption><\/figure><\/div><\/div><\/div><\/div><\/div><div class=\"vc_row wpb_row vc_row-fluid\"><div class=\"wpb_column vc_column_container vc_col-md-12\"><div class=\"vc_column-inner\"><div class=\"wpb_wrapper\">\n\t<div class=\"wpb_text_column wpb_content_element\" >\n\t\t<div class=\"wpb_wrapper\">\n\t\t\t<h2 class=\"makina-one-cikan-baslik\"><strong>QUASER MF700 5-Axis CNC Machine<\/strong><\/h2>\n<p><i class=\"arrow-urun right\"><\/i>X-Axis Travel: 820 mm<br \/>\n<i class=\"arrow-urun right\"><\/i>Y-Axis Travel: 570 mm<br \/>\n<i class=\"arrow-urun right\"><\/i>Z-Axis Travel: 530 mm<br \/>\n<i class=\"arrow-urun right\"><\/i>Maximum Workpiece Size: \u00d8700xH500 mm<br \/>\n<i class=\"arrow-urun right\"><\/i>Maximum Table Load: 500 kg<\/p>\n\n\t\t<\/div>\n\t<\/div>\n<\/div><\/div><\/div><\/div>\n<\/div>","protected":false},"excerpt":{"rendered":"QUASER MF-700 5 EKSEN CNC DI\u0307K I\u0307S\u0327LEME MERKEZI\u0307 QUASER MF-700 5 EKSEN CNC DI\u0307K I\u0307S\u0327LEME MERKEZI\u0307 QUASER MF700 5 EKSEN CNC TEZGAHI X Eksen Hareketi: 820 mm Y Eksen Hareketi: 570 mm Z Eksen Hareketi: 530 mm Maksimum \u0130\u015f Par\u00e7as\u0131: &hellip;","protected":false},"author":1,"featured_media":0,"parent":0,"menu_order":0,"comment_status":"closed","ping_status":"closed","template":"","meta":{"footnotes":""},"class_list":["post-2322","page","type-page","status-publish","hentry"],"_links":{"self":[{"href":"https:\/\/htotomat.com.tr\/en\/wp-json\/wp\/v2\/pages\/2322","targetHints":{"allow":["GET"]}}],"collection":[{"href":"https:\/\/htotomat.com.tr\/en\/wp-json\/wp\/v2\/pages"}],"about":[{"href":"https:\/\/htotomat.com.tr\/en\/wp-json\/wp\/v2\/types\/page"}],"author":[{"embeddable":true,"href":"https:\/\/htotomat.com.tr\/en\/wp-json\/wp\/v2\/users\/1"}],"replies":[{"embeddable":true,"href":"https:\/\/htotomat.com.tr\/en\/wp-json\/wp\/v2\/comments?post=2322"}],"version-history":[{"count":4,"href":"https:\/\/htotomat.com.tr\/en\/wp-json\/wp\/v2\/pages\/2322\/revisions"}],"predecessor-version":[{"id":2491,"href":"https:\/\/htotomat.com.tr\/en\/wp-json\/wp\/v2\/pages\/2322\/revisions\/2491"}],"wp:attachment":[{"href":"https:\/\/htotomat.com.tr\/en\/wp-json\/wp\/v2\/media?parent=2322"}],"curies":[{"name":"wp","href":"https:\/\/api.w.org\/{rel}","templated":true}]}}