{"id":1408,"date":"2016-01-19T14:03:09","date_gmt":"2016-01-19T14:03:09","guid":{"rendered":"http:\/\/anpsthemes.com\/construction\/?page_id=1408"},"modified":"2025-09-18T08:58:29","modified_gmt":"2025-09-18T08:58:29","slug":"hakkimizda","status":"publish","type":"page","link":"https:\/\/htotomat.com.tr\/en\/hakkimizda\/","title":{"rendered":"About us"},"content":{"rendered":"<div class=\"wpb-content-wrapper\"><div class=\"vc_row wpb_row vc_row-fluid vc_custom_1460122496361\"><div class=\"wpb_column vc_column_container vc_col-md-6\"><div class=\"vc_column-inner\"><div class=\"wpb_wrapper\"><h2 style=\"text-align: left\" class=\"vc_custom_heading vc_do_custom_heading title\" >Ht Automat Machine<\/h2><div class=\"vc_empty_space\"   style=\"height: 20px\"><span class=\"vc_empty_space_inner\"><\/span><\/div>\n\t<div class=\"wpb_text_column wpb_content_element wpb_animate_when_almost_visible wpb_bounceIn bounceIn\" >\n\t\t<div class=\"wpb_wrapper\">\n\t\t\t<p class=\"p1 translation-block\">HT OTOMAT MAKINA was initially founded in 1996 as HAS TORNA by Hasan Terzi. Hasan Terzi started his career in 1986, and over his 38-year professional journey, he has transferred his experience to the company while training his employees to meet the company's standards in the best possible way. In 2021, our company became a limited liability company under the name HT OTOMAT MAKINA SAN. TIC. LTD. STI.<\/p>\n<p class=\"p1\"><strong>HT OTOMAT MAK\u0130NA<\/strong> faaliyet alan\u0131 olarak \u00e7e\u015fitli imalatlara sahiptir. Bunlardan baz\u0131lar\u0131 \u201d\u00e7ay paketleme yedek par\u00e7alar\u0131 \u00fcretimi, bantlama makinesi imalat\u0131, matbaa makine yedek par\u00e7alar\u0131 \u00fcretimi, bandrol makinesi imalat\u0131, bandrol okutma makinesi imalat\u0131 , \u00e7ay kolileme makinesi imalat\u0131 , 90 derece konvey\u00f6r ve d\u00fcz konvey\u00f6r imalatlar\u0131d\u0131r.\u201d. Farkl\u0131 alanlara y\u00f6nelik makine, yedek par\u00e7a imalat\u0131 ve tasar\u0131m\u0131 yapmaya a\u00e7\u0131k olan firmam\u0131z, profesyonel \u00e7al\u0131\u015fma ortam\u0131nda \u00fcretimlerini ger\u00e7ekle\u015ftirmektedir.<\/p>\n\n\t\t<\/div>\n\t<\/div>\n<\/div><\/div><\/div><div class=\"wpb_column vc_column_container vc_col-md-6\"><div class=\"vc_column-inner\"><div class=\"wpb_wrapper\">\n\t<div  class=\"wpb_single_image wpb_content_element vc_align_left wpb_content_element\">\n\t\t\n\t\t<figure class=\"wpb_wrapper vc_figure\">\n\t\t\t<div class=\"vc_single_image-wrapper   vc_box_border_grey\"><img fetchpriority=\"high\" decoding=\"async\" width=\"1536\" height=\"2048\" src=\"https:\/\/htotomat.com.tr\/wp-content\/uploads\/2024\/04\/WhatsApp-Image-2024-04-23-at-22.15.48.jpeg\" class=\"vc_single_image-img attachment-full\" alt=\"\" title=\"WhatsApp Image 2024-04-23 at 22.15.48\" srcset=\"https:\/\/htotomat.com.tr\/wp-content\/uploads\/2024\/04\/WhatsApp-Image-2024-04-23-at-22.15.48.jpeg 1536w, https:\/\/htotomat.com.tr\/wp-content\/uploads\/2024\/04\/WhatsApp-Image-2024-04-23-at-22.15.48-225x300.jpeg 225w, https:\/\/htotomat.com.tr\/wp-content\/uploads\/2024\/04\/WhatsApp-Image-2024-04-23-at-22.15.48-768x1024.jpeg 768w, https:\/\/htotomat.com.tr\/wp-content\/uploads\/2024\/04\/WhatsApp-Image-2024-04-23-at-22.15.48-1152x1536.jpeg 1152w\" sizes=\"(max-width: 1536px) 100vw, 1536px\" \/><\/div>\n\t\t<\/figure>\n\t<\/div>\n<\/div><\/div><\/div><\/div>\n<\/div>","protected":false},"excerpt":{"rendered":"Ht Otomat Makine HT OTOMAT MAK\u0130NA ilk olarak 1996 y\u0131l\u0131nda HAS TORNA olarak Hasan Terzi taraf\u0131ndan kurulmu\u015ftur. Hasan Terzi meslek hayat\u0131na 1986 y\u0131l\u0131nda ba\u015flam\u0131\u015f bulunup, 38 y\u0131ll\u0131k meslek hayat\u0131ndaki tecr\u00fcbesini firmaya aktarm\u0131\u015f bulunmakla birlikte, \u00e7al\u0131\u015fanlar\u0131n\u0131 firman\u0131n standartlar\u0131na en uygun \u015fekilde &hellip;","protected":false},"author":1,"featured_media":0,"parent":0,"menu_order":0,"comment_status":"closed","ping_status":"closed","template":"","meta":{"footnotes":""},"class_list":["post-1408","page","type-page","status-publish","hentry"],"_links":{"self":[{"href":"https:\/\/htotomat.com.tr\/en\/wp-json\/wp\/v2\/pages\/1408","targetHints":{"allow":["GET"]}}],"collection":[{"href":"https:\/\/htotomat.com.tr\/en\/wp-json\/wp\/v2\/pages"}],"about":[{"href":"https:\/\/htotomat.com.tr\/en\/wp-json\/wp\/v2\/types\/page"}],"author":[{"embeddable":true,"href":"https:\/\/htotomat.com.tr\/en\/wp-json\/wp\/v2\/users\/1"}],"replies":[{"embeddable":true,"href":"https:\/\/htotomat.com.tr\/en\/wp-json\/wp\/v2\/comments?post=1408"}],"version-history":[{"count":8,"href":"https:\/\/htotomat.com.tr\/en\/wp-json\/wp\/v2\/pages\/1408\/revisions"}],"predecessor-version":[{"id":2520,"href":"https:\/\/htotomat.com.tr\/en\/wp-json\/wp\/v2\/pages\/1408\/revisions\/2520"}],"wp:attachment":[{"href":"https:\/\/htotomat.com.tr\/en\/wp-json\/wp\/v2\/media?parent=1408"}],"curies":[{"name":"wp","href":"https:\/\/api.w.org\/{rel}","templated":true}]}}